{"id":22,"date":"2026-01-22T01:07:23","date_gmt":"2026-01-22T01:07:23","guid":{"rendered":"https:\/\/suacosta.com.mx\/?page_id=22"},"modified":"2026-03-07T05:37:25","modified_gmt":"2026-03-07T05:37:25","slug":"quienes-somos","status":"publish","type":"page","link":"https:\/\/suacosta.com.mx\/index.php\/quienes-somos\/","title":{"rendered":"\u00bfQUI\u00c9NES SOMOS?"},"content":{"rendered":"<div data-colibri-id=\"22-c1\" class=\"style-270 style-local-22-c1 position-relative\">\n  <!---->\n  <div data-colibri-component=\"section\" data-colibri-id=\"22-c2\" id=\"blank\" class=\"h-section h-section-global-spacing d-flex align-items-lg-center align-items-md-center align-items-center style-547 style-local-22-c2 position-relative\">\n    <!---->\n    <!---->\n    <div class=\"h-section-grid-container h-section-boxed-container\">\n      <!---->\n      <div data-colibri-id=\"22-c3\" class=\"h-row-container gutters-row-lg-2 gutters-row-md-2 gutters-row-0 gutters-row-v-lg-2 gutters-row-v-md-2 gutters-row-v-2 style-548 style-local-22-c3 position-relative\">\n        <!---->\n        <div class=\"h-row justify-content-lg-center justify-content-md-center justify-content-center align-items-lg-stretch align-items-md-stretch align-items-stretch gutters-col-lg-2 gutters-col-md-2 gutters-col-0 gutters-col-v-lg-2 gutters-col-v-md-2 gutters-col-v-2\">\n          <!---->\n          <div class=\"h-column h-column-container d-flex h-col-lg-auto h-col-md-auto h-col-auto style-550-outer style-local-22-c4-outer\">\n            <div data-colibri-id=\"22-c4\" class=\"d-flex h-flex-basis h-column__inner h-px-lg-2 h-px-md-2 h-px-2 v-inner-lg-2 v-inner-md-2 v-inner-2 style-550 style-local-22-c4 position-relative\">\n              <!---->\n              <!---->\n              <div class=\"w-100 h-y-container h-column__content h-column__v-align flex-basis-100 align-self-lg-start align-self-md-start align-self-start\">\n                <!---->\n                <div data-colibri-id=\"22-c5\" class=\"h-global-transition-all h-heading style-555 style-local-22-c5 position-relative h-element\">\n                  <!---->\n                  <div class=\"h-heading__outer style-555 style-local-22-c5\">\n                    <!---->\n                    <!---->\n                    <h1 class=\"\">\u00bfQUI\u00c9NES SOMOS?<\/h1>\n                  <\/div>\n                <\/div>\n              <\/div>\n            <\/div>\n          <\/div>\n        <\/div>\n      <\/div>\n    <\/div>\n  <\/div>\n  <div data-colibri-component=\"section\" data-colibri-id=\"22-c10\" id=\"about\" class=\"h-section h-section-global-spacing d-flex align-items-lg-end align-items-md-end align-items-end style-290 style-local-22-c10 position-relative\">\n    <!---->\n    <!---->\n    <div class=\"h-section-grid-container h-section-boxed-container\">\n      <!---->\n      <div data-colibri-id=\"22-c11\" class=\"h-row-container gutters-row-lg-2 gutters-row-md-2 gutters-row-2 gutters-row-v-lg-2 gutters-row-v-md-2 gutters-row-v-2 style-291 style-local-22-c11 position-relative\">\n        <!---->\n        <div class=\"h-row justify-content-lg-center justify-content-md-center justify-content-center align-items-lg-stretch align-items-md-stretch align-items-stretch gutters-col-lg-2 gutters-col-md-2 gutters-col-2 gutters-col-v-lg-2 gutters-col-v-md-2 gutters-col-v-2\">\n          <!---->\n          <div class=\"h-column h-column-container d-flex h-col-lg-auto h-col-md-auto h-col-auto style-292-outer style-local-22-c12-outer\">\n            <div data-colibri-id=\"22-c12\" class=\"d-flex h-flex-basis h-column__inner h-px-lg-2 h-px-md-2 h-px-2 v-inner-lg-2 v-inner-md-2 v-inner-2 style-292 style-local-22-c12 position-relative\">\n              <!---->\n              <!---->\n              <div class=\"w-100 h-y-container h-column__content h-column__v-align flex-basis-100 align-self-lg-center align-self-md-center align-self-center\">\n                <!---->\n                <div data-colibri-id=\"22-c13\" class=\"h-global-transition-all h-heading style-294 style-local-22-c13 position-relative h-element\">\n                  <!---->\n                  <div class=\"h-heading__outer style-294 style-local-22-c13\">\n                    <!---->\n                    <!---->\n                    <h2 class=\"\">Somos una&nbsp;<em style=\"font-family: &quot;Playfair Display&quot;; color: rgb(3, 169, 244);\">empresa&nbsp;<\/em>de prestaci\u00f3n de servicios integrales<\/h2>\n                  <\/div>\n                <\/div>\n                <div data-colibri-id=\"22-c14\" class=\"h-lead h-text h-text-component style-295 style-local-22-c14 position-relative h-element\">\n                  <!---->\n                  <!---->\n                  <div class=\"\">\n                    <p>Que cuenta con un equipo de profesionistas capacitados para resolver los problemas que agobian a nuestros clientes, brind\u00e1ndoles varias soluciones a su contrariedad, cumpliendo con los m\u00e1s altos est\u00e1ndares de calidad, satisfaciendo\n                      todas y cada una de sus necesidades.<\/p>\n                    <p>Queremos fortalecer a trav\u00e9s de nuestros servicios integrales a las empresas privadas y organismos p\u00fablicos, brindando soluciones a los problemas se enfrentan en el sector petrolero e industrial, bajo una interpretaci\u00f3n estricta de\n                      la norma.<\/p>\n                    <p>Buscamos ser la empresa n\u00famero uno en servicios profesionales integrales dentro del \u00e1mbito p\u00fablico y privado.<\/p>\n                  <\/div>\n                <\/div>\n              <\/div>\n            <\/div>\n          <\/div>\n        <\/div>\n      <\/div>\n    <\/div>\n  <\/div>\n  <div data-colibri-component=\"section\" data-colibri-id=\"22-c15\" id=\"features\" class=\"h-section h-section-global-spacing d-flex align-items-lg-start align-items-md-start align-items-start style-308 style-local-22-c15 position-relative\">\n    <!---->\n    <!---->\n    <div class=\"h-section-grid-container h-section-boxed-container\">\n      <div data-colibri-id=\"22-c27\" class=\"h-row-container gutters-row-lg-2 gutters-row-md-2 gutters-row-0 gutters-row-v-lg-2 gutters-row-v-md-2 gutters-row-v-2 style-318 style-local-22-c27 position-relative\">\n        <!---->\n        <div class=\"h-row justify-content-lg-center justify-content-md-center justify-content-center align-items-lg-stretch align-items-md-stretch align-items-stretch gutters-col-lg-2 gutters-col-md-2 gutters-col-0 gutters-col-v-lg-2 gutters-col-v-md-2 gutters-col-v-2\">\n          <!---->\n          <div class=\"h-column h-column-container d-flex h-col-lg-auto h-col-md-auto h-col-auto style-319-outer style-local-22-c28-outer\">\n            <div data-colibri-id=\"22-c28\" class=\"d-flex h-flex-basis h-column__inner h-px-lg-2 h-px-md-2 h-px-2 v-inner-lg-2 v-inner-md-2 v-inner-2 style-319 style-local-22-c28 position-relative\">\n              <!---->\n              <!---->\n              <div class=\"w-100 h-y-container h-column__content h-column__v-align flex-basis-100 align-self-lg-start align-self-md-start align-self-start\">\n                <!---->\n                <div data-colibri-id=\"22-c29\" class=\"h-global-transition-all h-heading style-320 style-local-22-c29 position-relative h-element\">\n                  <!---->\n                  <div class=\"h-heading__outer style-320 style-local-22-c29\">\n                    <!---->\n                    <!---->\n                    <h3 class=\"\">Nuestro compromiso gu\u00eda cada decisi\u00f3n que tomamos.<\/h3>\n                  <\/div>\n                <\/div>\n              <\/div>\n            <\/div>\n          <\/div>\n        <\/div>\n      <\/div>\n      <div data-colibri-id=\"22-c16\" class=\"h-row-container gutters-row-lg-2 gutters-row-md-2 gutters-row-2 gutters-row-v-lg-2 gutters-row-v-md-2 gutters-row-v-2 style-309 style-local-22-c16 position-relative\">\n        <!---->\n        <div class=\"h-row justify-content-lg-center justify-content-md-center justify-content-center align-items-lg-stretch align-items-md-stretch align-items-stretch gutters-col-lg-2 gutters-col-md-2 gutters-col-2 gutters-col-v-lg-2 gutters-col-v-md-2 gutters-col-v-2\">\n          <!---->\n          <div class=\"h-column h-column-container d-flex h-col-lg-4 h-col-md-6 h-col-12 style-310-outer style-local-22-c17-outer\">\n            <div data-colibri-id=\"22-c17\" class=\"d-flex h-flex-basis h-column__inner h-px-lg-0 h-px-md-0 h-px-0 v-inner-lg-0 v-inner-md-0 v-inner-0 style-310 style-local-22-c17 position-relative\">\n              <!---->\n              <!---->\n              <div class=\"w-100 h-y-container h-column__content h-column__v-align flex-basis-100 align-self-lg-start align-self-md-start align-self-start\">\n                <!---->\n                <div data-colibri-id=\"22-c18\" class=\"h-row-container gutters-row-lg-0 gutters-row-md-0 gutters-row-2 gutters-row-v-lg-0 gutters-row-v-md-0 gutters-row-v-2 style-312 style-local-22-c18 position-relative\">\n                  <!---->\n                  <div class=\"h-row justify-content-lg-center justify-content-md-center justify-content-center align-items-lg-stretch align-items-md-stretch align-items-stretch gutters-col-lg-0 gutters-col-md-0 gutters-col-2 gutters-col-v-lg-0 gutters-col-v-md-0 gutters-col-v-2\">\n                    <!---->\n                    <div class=\"h-column h-column-container d-flex h-col-lg-auto h-col-md-auto h-col-auto style-313-outer style-local-22-c19-outer\">\n                      <div data-colibri-id=\"22-c19\" class=\"d-flex h-flex-basis h-column__inner h-px-lg-2 h-px-md-3 h-px-2 v-inner-lg-2 v-inner-md-3 v-inner-2 style-313 style-local-22-c19 position-relative\">\n                        <!---->\n                        <!---->\n                        <div class=\"w-100 h-y-container h-column__content h-column__v-align flex-basis-100 align-self-lg-start align-self-md-start align-self-start\">\n                          <!---->\n                          <div data-colibri-id=\"22-c20\" class=\"h-global-transition-all h-heading style-314 style-local-22-c20 position-relative h-element\">\n                            <!---->\n                            <div class=\"h-heading__outer style-314 style-local-22-c20\">\n                              <!---->\n                              <!---->\n                              <h4 class=\"\">MISI\u00d3N<\/h4>\n                            <\/div>\n                          <\/div>\n                          <div data-colibri-id=\"22-c21\" class=\"h-text h-text-component style-315 style-local-22-c21 position-relative h-element\">\n                            <!---->\n                            <!---->\n                            <div class=\"\">\n                              <p>Brindar servicios especializados de alta calidad a la industria petrolera e industrial, garantizando seguridad, eficiencia y compromiso con el medio ambiente. Nos enfocamos en ofrecer soluciones integrales y tecnol\u00f3gicamente\n                                innovadoras que optimicen los procesos operativos de nuestros clientes, contribuyendo al desarrollo sostenible del sector energ\u00e9tico y al crecimiento econ\u00f3mico del pa\u00eds.<\/p>\n                            <\/div>\n                          <\/div>\n                        <\/div>\n                      <\/div>\n                    <\/div>\n                  <\/div>\n                <\/div>\n              <\/div>\n            <\/div>\n          <\/div>\n          <div class=\"h-column h-column-container d-flex h-col-lg-4 h-col-md-6 h-col-12 style-310-outer style-local-22-c22-outer\">\n            <div data-colibri-id=\"22-c22\" class=\"d-flex h-flex-basis h-column__inner h-px-lg-0 h-px-md-0 h-px-0 v-inner-lg-0 v-inner-md-0 v-inner-0 style-310 style-local-22-c22 position-relative\">\n              <!---->\n              <!---->\n              <div class=\"w-100 h-y-container h-column__content h-column__v-align flex-basis-100 align-self-lg-start align-self-md-start align-self-start\">\n                <!---->\n                <div data-colibri-id=\"22-c23\" class=\"h-row-container gutters-row-lg-0 gutters-row-md-0 gutters-row-2 gutters-row-v-lg-0 gutters-row-v-md-0 gutters-row-v-2 style-312 style-local-22-c23 position-relative\">\n                  <!---->\n                  <div class=\"h-row justify-content-lg-center justify-content-md-center justify-content-center align-items-lg-stretch align-items-md-stretch align-items-stretch gutters-col-lg-0 gutters-col-md-0 gutters-col-2 gutters-col-v-lg-0 gutters-col-v-md-0 gutters-col-v-2\">\n                    <!---->\n                    <div class=\"h-column h-column-container d-flex h-col-lg-auto h-col-md-auto h-col-auto style-313-outer style-local-22-c24-outer\">\n                      <div data-colibri-id=\"22-c24\" class=\"d-flex h-flex-basis h-column__inner h-px-lg-2 h-px-md-3 h-px-2 v-inner-lg-2 v-inner-md-3 v-inner-2 style-313 style-local-22-c24 position-relative\">\n                        <!---->\n                        <!---->\n                        <div class=\"w-100 h-y-container h-column__content h-column__v-align flex-basis-100 align-self-lg-start align-self-md-start align-self-start\">\n                          <!---->\n                          <div data-colibri-id=\"22-c25\" class=\"h-global-transition-all h-heading style-314 style-local-22-c25 position-relative h-element\">\n                            <!---->\n                            <div class=\"h-heading__outer style-314 style-local-22-c25\">\n                              <!---->\n                              <!---->\n                              <h4 class=\"\">VISI\u00d3N<\/h4>\n                            <\/div>\n                          <\/div>\n                          <div data-colibri-id=\"22-c26\" class=\"h-text h-text-component style-315 style-local-22-c26 position-relative h-element\">\n                            <!---->\n                            <!---->\n                            <div class=\"\">\n                              <p>Ser una empresa l\u00edder e innovadora en el sector energ\u00e9tico, reconocida por ofrecer soluciones sostenibles, seguras y de alta eficiencia que contribuyan al desarrollo energ\u00e9tico del pa\u00eds y al bienestar de las futuras generaciones.<\/p>\n                              <p>\n                                <br>\n                              <\/p>\n                              <p>\n                                <br>\n                              <\/p>\n                              <p>\n                                <br>\n                              <\/p>\n                            <\/div>\n                          <\/div>\n                        <\/div>\n                      <\/div>\n                    <\/div>\n                  <\/div>\n                <\/div>\n              <\/div>\n            <\/div>\n          <\/div>\n        <\/div>\n      <\/div>\n    <\/div>\n  <\/div>\n  <div data-colibri-component=\"section\" data-colibri-id=\"22-c54\" id=\"cta\" class=\"h-section h-section-global-spacing d-flex align-items-lg-center align-items-md-center align-items-center style-674 style-local-22-c54 position-relative\">\n    <!---->\n    <!---->\n    <div class=\"h-section-grid-container h-section-boxed-container\">\n      <!---->\n      <div data-colibri-id=\"22-c55\" class=\"h-row-container gutters-row-lg-2 gutters-row-md-2 gutters-row-0 gutters-row-v-lg-2 gutters-row-v-md-2 gutters-row-v-2 style-675 style-local-22-c55 position-relative\">\n        <!---->\n        <div class=\"h-row justify-content-lg-center justify-content-md-center justify-content-center align-items-lg-stretch align-items-md-stretch align-items-stretch gutters-col-lg-2 gutters-col-md-2 gutters-col-0 gutters-col-v-lg-2 gutters-col-v-md-2 gutters-col-v-2\">\n          <!---->\n          <div class=\"h-column h-column-container d-flex h-col-lg h-col-md h-col-auto style-676-outer style-local-22-c56-outer\">\n            <div data-colibri-id=\"22-c56\" class=\"d-flex h-flex-basis h-column__inner h-px-lg-0 h-px-md-0 h-px-2 v-inner-lg-0 v-inner-md-0 v-inner-2 style-676 style-local-22-c56 position-relative\">\n              <!---->\n              <!---->\n              <div class=\"w-100 h-y-container h-column__content h-column__v-align flex-basis-100 align-self-lg-center align-self-md-center align-self-center\">\n                <!---->\n                <div data-colibri-id=\"22-c57\" class=\"h-global-transition-all h-heading style-677 style-local-22-c57 position-relative h-element\">\n                  <!---->\n                  <div class=\"h-heading__outer style-677 style-local-22-c57\">\n                    <!---->\n                    <!---->\n                    <h4 class=\"\">CONT\u00c1CTANOS: 993 301 8592 | e-mail: administracion@suacosta.com.mx<\/h4>\n                  <\/div>\n                <\/div>\n              <\/div>\n            <\/div>\n          <\/div>\n          <div class=\"h-column h-column-container d-flex h-col-lg-auto h-col-md-auto h-col-auto style-678-outer style-local-22-c58-outer\">\n            <div data-colibri-id=\"22-c58\" class=\"d-flex h-flex-basis h-column__inner h-px-lg-0 h-px-md-0 h-px-2 v-inner-lg-0 v-inner-md-0 v-inner-2 style-678 style-local-22-c58 position-relative\">\n              <!---->\n              <!---->\n              <div class=\"w-100 h-y-container h-column__content h-column__v-align flex-basis-auto align-self-lg-center align-self-md-center align-self-center\">\n                <!---->\n                <div data-colibri-id=\"22-c59\" class=\"h-x-container style-679 style-local-22-c59 position-relative h-element\">\n                  <!---->\n                  <div class=\"h-x-container-inner style-dynamic-22-c59-group style-679-spacing style-local-22-c59-spacing\"><span class=\"h-button__outer style-680-outer style-local-22-c60-outer d-inline-flex h-element\"><a h-use-smooth-scroll=\"true\" href=\"\"  data-colibri-id=\"22-c60\" class=\"d-flex w-100 align-items-center h-button justify-content-lg-center justify-content-md-center justify-content-center style-680 style-local-22-c60 position-relative\"><!----><!----> <span>WHATSAPP<\/span><\/a>\n                    <\/span>\n                  <\/div>\n                <\/div>\n              <\/div>\n            <\/div>\n          <\/div>\n        <\/div>\n      <\/div>\n    <\/div>\n  <\/div>\n<\/div>","protected":false},"excerpt":{"rendered":"<p>\u00bfQUI\u00c9NES SOMOS? Somos una&nbsp;empresa&nbsp;de prestaci\u00f3n de servicios integrales Que cuenta con un equipo de profesionistas capacitados para resolver los problemas que agobian a nuestros clientes, brind\u00e1ndoles varias soluciones a su contrariedad, cumpliendo con los m\u00e1s altos est\u00e1ndares de calidad, satisfaciendo todas y cada una de sus necesidades. Queremos fortalecer a trav\u00e9s de nuestros servicios integrales [&hellip;]<\/p>\n","protected":false},"author":1,"featured_media":0,"parent":0,"menu_order":0,"comment_status":"closed","ping_status":"closed","template":"page-templates\/full-width-page.php","meta":{"_themeisle_gutenberg_block_has_review":false,"footnotes":""},"class_list":["post-22","page","type-page","status-publish","hentry"],"_links":{"self":[{"href":"https:\/\/suacosta.com.mx\/index.php\/wp-json\/wp\/v2\/pages\/22","targetHints":{"allow":["GET"]}}],"collection":[{"href":"https:\/\/suacosta.com.mx\/index.php\/wp-json\/wp\/v2\/pages"}],"about":[{"href":"https:\/\/suacosta.com.mx\/index.php\/wp-json\/wp\/v2\/types\/page"}],"author":[{"embeddable":true,"href":"https:\/\/suacosta.com.mx\/index.php\/wp-json\/wp\/v2\/users\/1"}],"replies":[{"embeddable":true,"href":"https:\/\/suacosta.com.mx\/index.php\/wp-json\/wp\/v2\/comments?post=22"}],"version-history":[{"count":19,"href":"https:\/\/suacosta.com.mx\/index.php\/wp-json\/wp\/v2\/pages\/22\/revisions"}],"predecessor-version":[{"id":625,"href":"https:\/\/suacosta.com.mx\/index.php\/wp-json\/wp\/v2\/pages\/22\/revisions\/625"}],"wp:attachment":[{"href":"https:\/\/suacosta.com.mx\/index.php\/wp-json\/wp\/v2\/media?parent=22"}],"curies":[{"name":"wp","href":"https:\/\/api.w.org\/{rel}","templated":true}]}}