{"id":508,"date":"2026-03-04T00:40:35","date_gmt":"2026-03-04T00:40:35","guid":{"rendered":"https:\/\/suacosta.com.mx\/?page_id=508"},"modified":"2026-03-27T06:05:41","modified_gmt":"2026-03-27T06:05:41","slug":"estudios-integrales","status":"publish","type":"page","link":"https:\/\/suacosta.com.mx\/index.php\/estudios-integrales\/","title":{"rendered":"ESTUDIOS INTEGRALES SUBSUELO-POZO-SUPERFICIE"},"content":{"rendered":"<div data-colibri-id=\"508-c1\" class=\"style-630 style-local-508-c1 position-relative\">\n  <!---->\n  <div data-colibri-component=\"section\" data-colibri-id=\"508-c2\" id=\"about\" class=\"h-section h-section-global-spacing d-flex align-items-lg-center align-items-md-center align-items-center style-635 style-local-508-c2 position-relative\">\n    <!---->\n    <!---->\n    <div class=\"h-section-grid-container h-section-boxed-container\">\n      <div data-colibri-id=\"508-c7\" class=\"h-row-container gutters-row-lg-2 gutters-row-md-2 gutters-row-2 gutters-row-v-lg-2 gutters-row-v-md-2 gutters-row-v-2 style-640 style-local-508-c7 position-relative\">\n        <!---->\n        <div class=\"h-row justify-content-lg-center justify-content-md-center justify-content-center align-items-lg-stretch align-items-md-stretch align-items-stretch gutters-col-lg-2 gutters-col-md-2 gutters-col-2 gutters-col-v-lg-2 gutters-col-v-md-2 gutters-col-v-2\">\n          <!---->\n          <div class=\"h-column h-column-container d-flex h-col-lg-auto h-col-md-auto h-col-auto style-641-outer style-local-508-c8-outer\">\n            <div data-colibri-id=\"508-c8\" class=\"d-flex h-flex-basis h-column__inner h-px-lg-2 h-px-md-2 h-px-2 v-inner-lg-2 v-inner-md-2 v-inner-2 style-641 style-local-508-c8 position-relative\">\n              <!---->\n              <!---->\n              <div class=\"w-100 h-y-container h-column__content h-column__v-align flex-basis-100 align-self-lg-start align-self-md-start align-self-start\">\n                <!---->\n                <div data-colibri-id=\"508-c9\" class=\"h-global-transition-all h-heading style-643 style-local-508-c9 position-relative h-element\">\n                  <!---->\n                  <div class=\"h-heading__outer style-643 style-local-508-c9\">\n                    <!---->\n                    <!---->\n                    <h2 class=\"\">Estudios&nbsp;<em style=\"font-family: &quot;Playfair Display&quot;; color: rgb(3, 169, 244);\">Integrales<\/em>\n                      <br>subsuelo-pozo-superficie<\/h2>\n                  <\/div>\n                <\/div>\n              <\/div>\n            <\/div>\n          <\/div>\n        <\/div>\n      <\/div>\n      <div data-colibri-id=\"508-c3\" class=\"h-row-container gutters-row-lg-0 gutters-row-md-0 gutters-row-0 gutters-row-v-lg-0 gutters-row-v-md-0 gutters-row-v-0 style-636 style-local-508-c3 h-overflow-hidden position-relative\">\n        <!---->\n        <div class=\"h-row justify-content-lg-center justify-content-md-center justify-content-center align-items-lg-end align-items-md-end align-items-end gutters-col-lg-0 gutters-col-md-0 gutters-col-0 gutters-col-v-lg-0 gutters-col-v-md-0 gutters-col-v-0\">\n          <!---->\n          <div class=\"h-column h-column-container d-flex h-col-lg-auto h-col-md-auto h-col-auto align-self-lg-end align-self-md-end align-self-end style-717-outer style-local-508-c25-outer\">\n            <div data-colibri-id=\"508-c25\" class=\"d-flex h-flex-basis h-column__inner h-px-lg-2 h-px-md-2 h-px-2 v-inner-lg-2 v-inner-md-2 v-inner-2 style-717 style-local-508-c25 position-relative\">\n              <!---->\n              <!---->\n              <div class=\"w-100 h-y-container h-column__content h-column__v-align flex-basis-100 align-self-lg-start align-self-md-start align-self-start\">\n                <!---->\n                <div data-colibri-id=\"508-c26\" class=\"d-block style-718 style-local-508-c26 position-relative h-element\">\n                  <!---->\n                  <div class=\"h-image__frame-container-outer\">\n                    <div class=\"h-image__frame-container\">\n                      <!---->\n                      <!---->\n                      <img loading=\"lazy\" decoding=\"async\" width=\"1079\" height=\"1213\" src=\"https:\/\/suacosta.com.mx\/wp-content\/uploads\/2026\/03\/cropped-img-01.png\" class=\"wp-image-701 style-718-image style-local-508-c26-image\" alt=\"\" srcset=\"https:\/\/suacosta.com.mx\/wp-content\/uploads\/2026\/03\/cropped-img-01.png 1079w, https:\/\/suacosta.com.mx\/wp-content\/uploads\/2026\/03\/cropped-img-01-267x300.png 267w, https:\/\/suacosta.com.mx\/wp-content\/uploads\/2026\/03\/cropped-img-01-911x1024.png 911w, https:\/\/suacosta.com.mx\/wp-content\/uploads\/2026\/03\/cropped-img-01-768x863.png 768w\" sizes=\"auto, (max-width: 1079px) 100vw, 1079px\" \/>\n                      <div class=\"h-image__frame h-hide-lg h-hide-md h-hide-sm style-718-frameImage style-local-508-c26-frameImage\"><\/div>\n                    <\/div>\n                  <\/div>\n                <\/div>\n              <\/div>\n            <\/div>\n          <\/div>\n        <\/div>\n      <\/div>\n    <\/div>\n  <\/div>\n  <div data-colibri-component=\"section\" data-colibri-id=\"508-c10\" id=\"custom\" class=\"h-section h-section-global-spacing d-flex align-items-lg-center align-items-md-center align-items-center style-651 style-local-508-c10 position-relative\">\n    <!---->\n    <!---->\n    <div class=\"h-section-grid-container h-section-boxed-container\">\n      <!---->\n      <div data-colibri-id=\"508-c11\" class=\"h-row-container gutters-row-lg-2 gutters-row-md-2 gutters-row-0 gutters-row-v-lg-2 gutters-row-v-md-2 gutters-row-v-2 style-652 style-local-508-c11 position-relative\">\n        <!---->\n        <div class=\"h-row justify-content-lg-center justify-content-md-center justify-content-center align-items-lg-stretch align-items-md-stretch align-items-stretch gutters-col-lg-2 gutters-col-md-2 gutters-col-0 gutters-col-v-lg-2 gutters-col-v-md-2 gutters-col-v-2\">\n          <!---->\n          <div class=\"h-column h-column-container d-flex h-col-lg-auto h-col-md-auto h-col-auto style-653-outer style-local-508-c12-outer\">\n            <div data-colibri-id=\"508-c12\" class=\"d-flex h-flex-basis h-column__inner h-px-lg-2 h-px-md-2 h-px-2 v-inner-lg-2 v-inner-md-2 v-inner-2 style-653 style-local-508-c12 position-relative\">\n              <!---->\n              <!---->\n              <div class=\"w-100 h-y-container h-column__content h-column__v-align flex-basis-100 align-self-lg-start align-self-md-start align-self-start\">\n                <!---->\n                <div data-colibri-id=\"508-c13\" class=\"h-global-transition-all h-heading style-654 style-local-508-c13 position-relative h-element\">\n                  <!---->\n                  <div class=\"h-heading__outer style-654 style-local-508-c13\">\n                    <!---->\n                    <!---->\n                    <h3 class=\"\">DISE\u00d1O DE PROYECTOS DE EXPLOTACI\u00d3N<\/h3>\n                  <\/div>\n                <\/div>\n              <\/div>\n            <\/div>\n          <\/div>\n        <\/div>\n      <\/div>\n    <\/div>\n  <\/div>\n  <div data-colibri-component=\"section\" data-colibri-id=\"508-c14\" id=\"custom-2\" class=\"h-section h-section-global-spacing d-flex align-items-lg-center align-items-md-center align-items-center style-655 style-local-508-c14 position-relative\">\n    <!---->\n    <!---->\n    <div class=\"h-section-grid-container h-section-boxed-container\">\n      <!---->\n      <div data-colibri-id=\"508-c15\" class=\"h-row-container gutters-row-lg-2 gutters-row-md-2 gutters-row-0 gutters-row-v-lg-2 gutters-row-v-md-2 gutters-row-v-2 style-656 style-local-508-c15 position-relative\">\n        <!---->\n        <div class=\"h-row justify-content-lg-center justify-content-md-center justify-content-center align-items-lg-stretch align-items-md-stretch align-items-stretch gutters-col-lg-2 gutters-col-md-2 gutters-col-0 gutters-col-v-lg-2 gutters-col-v-md-2 gutters-col-v-2\">\n          <!---->\n          <div class=\"h-column h-column-container d-flex h-col-lg-auto h-col-md-auto h-col-auto style-657-outer style-local-508-c16-outer\">\n            <div data-colibri-id=\"508-c16\" class=\"d-flex h-flex-basis h-column__inner h-px-lg-2 h-px-md-2 h-px-2 v-inner-lg-2 v-inner-md-2 v-inner-2 style-657 style-local-508-c16 position-relative\">\n              <!---->\n              <!---->\n              <div class=\"w-100 h-y-container h-column__content h-column__v-align flex-basis-100 align-self-lg-start align-self-md-start align-self-start\">\n                <!---->\n                <div data-colibri-id=\"508-c17\" class=\"d-block style-658 style-local-508-c17 position-relative h-element\">\n                  <!---->\n                  <div class=\"h-image__frame-container-outer\">\n                    <div class=\"h-image__frame-container\">\n                      <!---->\n                      <!---->\n                      <img loading=\"lazy\" decoding=\"async\" width=\"1080\" height=\"1350\" src=\"https:\/\/suacosta.com.mx\/wp-content\/uploads\/2026\/03\/herramientas-4.png\" class=\"wp-image-554 style-658-image style-local-508-c17-image\" alt=\"\" srcset=\"https:\/\/suacosta.com.mx\/wp-content\/uploads\/2026\/03\/herramientas-4.png 1080w, https:\/\/suacosta.com.mx\/wp-content\/uploads\/2026\/03\/herramientas-4-240x300.png 240w, https:\/\/suacosta.com.mx\/wp-content\/uploads\/2026\/03\/herramientas-4-819x1024.png 819w, https:\/\/suacosta.com.mx\/wp-content\/uploads\/2026\/03\/herramientas-4-768x960.png 768w\" sizes=\"auto, (max-width: 1080px) 100vw, 1080px\" \/>\n                      <div class=\"h-image__frame h-hide-lg h-hide-md h-hide-sm style-658-frameImage style-local-508-c17-frameImage\"><\/div>\n                    <\/div>\n                  <\/div>\n                <\/div>\n              <\/div>\n            <\/div>\n          <\/div>\n        <\/div>\n      <\/div>\n    <\/div>\n  <\/div>\n  <div data-colibri-component=\"section\" data-colibri-id=\"508-c38\" id=\"custom-3\" class=\"h-section h-section-global-spacing d-flex align-items-lg-center align-items-md-center align-items-center style-730 style-local-508-c38 position-relative\">\n    <!---->\n    <!---->\n    <div class=\"h-section-grid-container h-section-boxed-container\">\n      <!---->\n      <div data-colibri-id=\"508-c39\" class=\"h-row-container gutters-row-lg-2 gutters-row-md-2 gutters-row-0 gutters-row-v-lg-2 gutters-row-v-md-2 gutters-row-v-2 style-731 style-local-508-c39 position-relative\">\n        <!---->\n        <div class=\"h-row justify-content-lg-center justify-content-md-center justify-content-center align-items-lg-stretch align-items-md-stretch align-items-stretch gutters-col-lg-2 gutters-col-md-2 gutters-col-0 gutters-col-v-lg-2 gutters-col-v-md-2 gutters-col-v-2\">\n          <!---->\n          <div class=\"h-column h-column-container d-flex h-col-lg-auto h-col-md-auto h-col-auto style-732-outer style-local-508-c40-outer\">\n            <div data-colibri-id=\"508-c40\" class=\"d-flex h-flex-basis h-column__inner h-px-lg-2 h-px-md-2 h-px-2 v-inner-lg-2 v-inner-md-2 v-inner-2 style-732 style-local-508-c40 position-relative\">\n              <!---->\n              <!---->\n              <div class=\"w-100 h-y-container h-column__content h-column__v-align flex-basis-100 align-self-lg-start align-self-md-start align-self-start\">\n                <!---->\n                <div data-colibri-id=\"508-c42\" class=\"d-block style-734 style-local-508-c42 position-relative h-element\">\n                  <!---->\n                  <div class=\"h-image__frame-container-outer\">\n                    <div class=\"h-image__frame-container\">\n                      <!---->\n                      <!---->\n                      <img loading=\"lazy\" decoding=\"async\" width=\"1080\" height=\"1350\" src=\"https:\/\/suacosta.com.mx\/wp-content\/uploads\/2026\/03\/CyP-1.png\" class=\"wp-image-702 style-734-image style-local-508-c42-image\" alt=\"\" srcset=\"https:\/\/suacosta.com.mx\/wp-content\/uploads\/2026\/03\/CyP-1.png 1080w, https:\/\/suacosta.com.mx\/wp-content\/uploads\/2026\/03\/CyP-1-240x300.png 240w, https:\/\/suacosta.com.mx\/wp-content\/uploads\/2026\/03\/CyP-1-819x1024.png 819w, https:\/\/suacosta.com.mx\/wp-content\/uploads\/2026\/03\/CyP-1-768x960.png 768w\" sizes=\"auto, (max-width: 1080px) 100vw, 1080px\" \/>\n                      <div class=\"h-image__frame h-hide-lg h-hide-md h-hide-sm style-734-frameImage style-local-508-c42-frameImage\"><\/div>\n                    <\/div>\n                  <\/div>\n                <\/div>\n              <\/div>\n            <\/div>\n          <\/div>\n          <div class=\"h-column h-column-container d-flex h-col-lg-auto h-col-md-auto h-col-auto style-733-outer style-local-508-c41-outer\">\n            <div data-colibri-id=\"508-c41\" class=\"d-flex h-flex-basis h-column__inner h-px-lg-2 h-px-md-2 h-px-2 v-inner-lg-2 v-inner-md-2 v-inner-2 style-733 style-local-508-c41 position-relative\">\n              <!---->\n              <!---->\n              <div class=\"w-100 h-y-container h-column__content h-column__v-align flex-basis-100 align-self-lg-start align-self-md-start align-self-start\">\n                <!---->\n                <div data-colibri-id=\"508-c43\" class=\"d-block style-735 style-local-508-c43 position-relative h-element\">\n                  <!---->\n                  <div class=\"h-image__frame-container-outer\">\n                    <div class=\"h-image__frame-container\">\n                      <!---->\n                      <!---->\n                      <img loading=\"lazy\" decoding=\"async\" width=\"1080\" height=\"1350\" src=\"https:\/\/suacosta.com.mx\/wp-content\/uploads\/2026\/03\/CyP-2.png\" class=\"wp-image-703 style-735-image style-local-508-c43-image\" alt=\"\" srcset=\"https:\/\/suacosta.com.mx\/wp-content\/uploads\/2026\/03\/CyP-2.png 1080w, https:\/\/suacosta.com.mx\/wp-content\/uploads\/2026\/03\/CyP-2-240x300.png 240w, https:\/\/suacosta.com.mx\/wp-content\/uploads\/2026\/03\/CyP-2-819x1024.png 819w, https:\/\/suacosta.com.mx\/wp-content\/uploads\/2026\/03\/CyP-2-768x960.png 768w\" sizes=\"auto, (max-width: 1080px) 100vw, 1080px\" \/>\n                      <div class=\"h-image__frame h-hide-lg h-hide-md h-hide-sm style-735-frameImage style-local-508-c43-frameImage\"><\/div>\n                    <\/div>\n                  <\/div>\n                <\/div>\n              <\/div>\n            <\/div>\n          <\/div>\n        <\/div>\n      <\/div>\n    <\/div>\n  <\/div>\n  <div data-colibri-component=\"section\" data-colibri-id=\"508-c18\" id=\"cta\" class=\"h-section h-section-global-spacing d-flex align-items-lg-center align-items-md-center align-items-center style-695 style-local-508-c18 position-relative\">\n    <!---->\n    <!---->\n    <div class=\"h-section-grid-container h-section-boxed-container\">\n      <!---->\n      <div data-colibri-id=\"508-c19\" class=\"h-row-container gutters-row-lg-2 gutters-row-md-2 gutters-row-0 gutters-row-v-lg-2 gutters-row-v-md-2 gutters-row-v-2 style-696 style-local-508-c19 position-relative\">\n        <!---->\n        <div class=\"h-row justify-content-lg-center justify-content-md-center justify-content-center align-items-lg-stretch align-items-md-stretch align-items-stretch gutters-col-lg-2 gutters-col-md-2 gutters-col-0 gutters-col-v-lg-2 gutters-col-v-md-2 gutters-col-v-2\">\n          <!---->\n          <div class=\"h-column h-column-container d-flex h-col-lg h-col-md h-col-auto style-697-outer style-local-508-c20-outer\">\n            <div data-colibri-id=\"508-c20\" class=\"d-flex h-flex-basis h-column__inner h-px-lg-0 h-px-md-0 h-px-2 v-inner-lg-0 v-inner-md-0 v-inner-2 style-697 style-local-508-c20 position-relative\">\n              <!---->\n              <!---->\n              <div class=\"w-100 h-y-container h-column__content h-column__v-align flex-basis-100 align-self-lg-center align-self-md-center align-self-center\">\n                <!---->\n                <div data-colibri-id=\"508-c21\" class=\"h-global-transition-all h-heading style-698 style-local-508-c21 position-relative h-element\">\n                  <!---->\n                  <div class=\"h-heading__outer style-698 style-local-508-c21\">\n                    <!---->\n                    <!---->\n                    <h4 class=\"\">CONT\u00c1CTANOS: 993 301 8592 | e-mail: administracion@suacosta.com.mx<\/h4>\n                  <\/div>\n                <\/div>\n              <\/div>\n            <\/div>\n          <\/div>\n          <div class=\"h-column h-column-container d-flex h-col-lg-auto h-col-md-auto h-col-auto style-699-outer style-local-508-c22-outer\">\n            <div data-colibri-id=\"508-c22\" class=\"d-flex h-flex-basis h-column__inner h-px-lg-0 h-px-md-0 h-px-2 v-inner-lg-0 v-inner-md-0 v-inner-2 style-699 style-local-508-c22 position-relative\">\n              <!---->\n              <!---->\n              <div class=\"w-100 h-y-container h-column__content h-column__v-align flex-basis-auto align-self-lg-center align-self-md-center align-self-center\">\n                <!---->\n                <div data-colibri-id=\"508-c23\" class=\"h-x-container style-700 style-local-508-c23 position-relative h-element\">\n                  <!---->\n                  <div class=\"h-x-container-inner style-dynamic-508-c23-group style-700-spacing style-local-508-c23-spacing\"><span class=\"h-button__outer style-701-outer style-local-508-c24-outer d-inline-flex h-element\"><a h-use-smooth-scroll=\"true\" href=\"\"  data-colibri-id=\"508-c24\" class=\"d-flex w-100 align-items-center h-button justify-content-lg-center justify-content-md-center justify-content-center style-701 style-local-508-c24 position-relative\"><!----><!----> <span>WHATSAPP<\/span><\/a>\n                    <\/span>\n                  <\/div>\n                <\/div>\n              <\/div>\n            <\/div>\n          <\/div>\n        <\/div>\n      <\/div>\n    <\/div>\n  <\/div>\n<\/div>","protected":false},"excerpt":{"rendered":"<p>Estudios&nbsp;Integrales subsuelo-pozo-superficie DISE\u00d1O DE PROYECTOS DE EXPLOTACI\u00d3N CONT\u00c1CTANOS: 993 301 8592 | e-mail: administracion@suacosta.com.mx WHATSAPP<\/p>\n","protected":false},"author":1,"featured_media":0,"parent":0,"menu_order":0,"comment_status":"closed","ping_status":"closed","template":"page-templates\/full-width-page.php","meta":{"_themeisle_gutenberg_block_has_review":false,"footnotes":""},"class_list":["post-508","page","type-page","status-publish","hentry"],"_links":{"self":[{"href":"https:\/\/suacosta.com.mx\/index.php\/wp-json\/wp\/v2\/pages\/508","targetHints":{"allow":["GET"]}}],"collection":[{"href":"https:\/\/suacosta.com.mx\/index.php\/wp-json\/wp\/v2\/pages"}],"about":[{"href":"https:\/\/suacosta.com.mx\/index.php\/wp-json\/wp\/v2\/types\/page"}],"author":[{"embeddable":true,"href":"https:\/\/suacosta.com.mx\/index.php\/wp-json\/wp\/v2\/users\/1"}],"replies":[{"embeddable":true,"href":"https:\/\/suacosta.com.mx\/index.php\/wp-json\/wp\/v2\/comments?post=508"}],"version-history":[{"count":12,"href":"https:\/\/suacosta.com.mx\/index.php\/wp-json\/wp\/v2\/pages\/508\/revisions"}],"predecessor-version":[{"id":712,"href":"https:\/\/suacosta.com.mx\/index.php\/wp-json\/wp\/v2\/pages\/508\/revisions\/712"}],"wp:attachment":[{"href":"https:\/\/suacosta.com.mx\/index.php\/wp-json\/wp\/v2\/media?parent=508"}],"curies":[{"name":"wp","href":"https:\/\/api.w.org\/{rel}","templated":true}]}}